{"id":7634,"date":"2021-11-27T14:08:15","date_gmt":"2021-11-27T12:08:15","guid":{"rendered":"https:\/\/www.klaipedatkc.lt\/meroprijatija\/projektai\/"},"modified":"2025-02-22T14:05:06","modified_gmt":"2025-02-22T12:05:06","slug":"projektai","status":"publish","type":"page","link":"https:\/\/www.klaipedatkc.lt\/ru\/projektai\/","title":{"rendered":"\u041f\u0440\u043e\u0435\u043a\u0442\u044b"},"content":{"rendered":"<p style=\"text-align: center;\"><strong>PROJEKTAI<\/strong><\/p>\n<p style=\"text-align: center;\"><strong>2023 METAIS TAUTINI\u0172 KULT\u016aR\u0172 CENTRAS\u00a0 \u012eVYKD\u0116 PROJEKTUS:<\/strong><\/p>\n<p style=\"text-align: center;\"><strong>I. Projektas &#171;Integralus &#8212; kalba, kult\u016bra, istorija&#187;<\/strong><\/p>\n<p style=\"text-align: left;\"><strong>1.1. \u201eKlaip\u0117dos vie\u0161keliai\u201c\u00a0<\/strong><\/p>\n<p><a href=\"https:\/\/www.klaipedatkc.lt\/naujienos\/klaipedos-vieskeliai-mus-vede-i-vente-minija-dreverna\/\" target=\"_blank\" rel=\"noopener\">\u201eKlaip\u0117dos vie\u0161keliai\u201c mus ved\u0117 \u012f Vent\u0119, Minij\u0105, Drevern\u0105<\/a><\/p>\n<p><a href=\"https:\/\/www.klaipedatkc.lt\/naujienos\/apkeliavome-marias\/\" target=\"_blank\" rel=\"noopener\">Apkeliavome marias<\/a><\/p>\n<p style=\"text-align: left;\"><strong>1.2.\u00a0Lietuvi\u0173 k. mokym\u0173 organizavimas \u201eMoki \u017eod\u012f \u2013 \u017einai keli\u0105\u201c<\/strong><\/p>\n<p><a href=\"https:\/\/www.klaipedatkc.lt\/naujienos\/intensyvus-lietuviu-kalbos-kursai\/\" target=\"_blank\" rel=\"noopener\">Intensyv\u016bs lietuvi\u0173 kalbos kursai<\/a><\/p>\n<p><a href=\"https:\/\/www.klaipedatkc.lt\/naujienos\/kalbeti-jau-drasiau\/\" target=\"_blank\" rel=\"noopener\">Kalb\u0117ti jau dr\u0105siau<\/a><\/p>\n<p style=\"text-align: left;\"><strong>1.3. Festivalis &#171;Tautini\u0173 kult\u016br\u0173 diena&#187;<\/strong><\/p>\n<p><a href=\"https:\/\/www.klaipedatkc.lt\/naujienos\/tradicinis-festivalis-kasmet-vis-naujai\/\" target=\"_blank\" rel=\"noopener\">Tradicinis festivalis \u2013 kasmet vis naujai<\/a><\/p>\n<p><strong>1.4. \u201eSostini\u0173 takais\u201c \u2013 i\u0161vykos \u012f Lietuvos sostines, daugiatauti\u0161kumo \u017eenkl\u0173 beie\u0161kant ir pristatant tautini\u0173 ma\u017eum\u0173 kult\u016br\u0105<\/strong><\/p>\n<p><a href=\"https:\/\/www.klaipedatkc.lt\/naujienos\/sostiniu-takais-i-vilniu\/\" target=\"_blank\" rel=\"noopener\">\u201eSostini\u0173 takais\u201c \u2013 \u012f Vilni\u0173!<\/a><\/p>\n<p><a href=\"https:\/\/www.klaipedatkc.lt\/naujienos\/sostiniu-takais-i-kauna\/\" target=\"_blank\" rel=\"noopener\">Sostini\u0173 takais \u2013 \u012f Kaun\u0105<\/a><\/p>\n<p><em>Projekt\u0105 finansuoja Tautini\u0173 ma\u017eum\u0173 Departamentas prie LR Vyriausyb\u0117s<\/em><\/p>\n<p style=\"text-align: center;\"><strong>II. Lietuvi\u0173 kalbos kursai<\/strong><\/p>\n<p><span lang=\"LT\">Kurs\u0173 organizavimo tikslas \u2013 parengti j\u0173 lankytojus valstybin\u0117s kalbos mok\u0117jimo I, II arba III kvalifikacin\u0117s kategorijos egzaminui. Rengiant kurs\u0173 mokymo program\u0105 (-as) b\u016btina vadovautis atnaujintais lietuvi\u0173 kalbos kaip svetimosios mokymo turinio apra\u0161ais:<i>\u00a0L\u016b\u017eis<\/i>, A1;\u00a0<i>Pusiaukel\u0117<\/i>, A2;\u00a0<i>Slenkstis<\/i>, B1;\u00a0<i>Auk\u0161tuma<\/i>, B2.<\/span><\/p>\n<p><span lang=\"EN-GB\">Kurs\u0173 trukm\u0117 \u2013 1 grupei 120 a. val<\/span><\/p>\n<p><em>Projekt\u0105 finansuoja Valstybin\u0117 lietuvi\u0173 kalbos komisija<\/em><\/p>\n<hr \/>\n<p style=\"text-align: center;\"><strong>2022 METAIS TAUTINI\u0172 KULT\u016aR\u0172 CENTRAS\u00a0 \u012eVYKD\u0116 PROJEKTUS:<\/strong><\/p>\n<p>2022 metais Tautini\u0173 kult\u016br\u0173 centras \u012fgyvendino projektus, kuriuos\u00a0 finansavo Tautini\u0173 ma\u017eum\u0173 departamentas prie Lietuvos Respublikos Vyriausyb\u0117s.<\/p>\n<p><a title=\"Projektas \u201eKult\u016bros saitai-2\u201d\" href=\"https:\/\/www.klaipedatkc.lt\/projektai\/projektas-kulturos-saitai-2\/\" target=\"_blank\" rel=\"noopener\">Projektas &#171;Kult\u016bros saitai&#187; (2022.01-2022.12)<\/a><\/p>\n<p><a title=\"Lietuvi\u0173 kalbos kursai\" href=\"https:\/\/www.klaipedatkc.lt\/r\/nachinajutsja-besplatnye-kursy-litovskogo-jazyka\/\" target=\"_blank\" rel=\"noopener\">Projektas &#171;Lietuvi\u0173 kalbos mokymai kitatau\u010diams&#187; (2022.01-2022.12)<\/a><\/p>\n<p><a title=\"Projektas \u201eFestivalis Tautni\u0173 kult\u0173r\u0173 diena\u201d\" href=\"https:\/\/www.klaipedatkc.lt\/projektas-festivalis-tautniu-kulturu-diena\/\" target=\"_blank\" rel=\"noopener\">Projektas &#171;Festivalis &#8212; Tautini\u0173 kult\u016br\u0173 diena&#187;<\/a><\/p>\n<hr \/>\n<p style=\"text-align: center;\"><strong>2021 METAIS TAUTINI\u0172 KULT\u016aR\u0172 CENTRAS\u00a0 \u012eVYKD\u0116 PROJEKTUS:<\/strong><\/p>\n<p><a href=\"https:\/\/www.klaipedatkc.lt\/lk-suaugusiems-kitakalbiams\/\" target=\"_blank\" rel=\"noopener\">LT kursai suaugusiesiems<\/a><\/p>\n<p><a href=\"https:\/\/www.klaipedatkc.lt\/projektai\/projektas-kulturos-saitai\/\" target=\"_blank\" rel=\"noopener\">Kult\u016bros saitai<\/a><\/p>\n<p>&nbsp;<\/p>\n","protected":false},"excerpt":{"rendered":"<p>PROJEKTAI 2023 METAIS TAUTINI\u0172 KULT\u016aR\u0172 CENTRAS\u00a0 \u012eVYKD\u0116 PROJEKTUS: I. Projektas &#171;Integralus &#8212; kalba, kult\u016bra,&hellip;<\/p>\n","protected":false},"author":99002,"featured_media":0,"parent":0,"menu_order":0,"comment_status":"closed","ping_status":"closed","template":"","meta":{"footnotes":""},"class_list":["post-7634","page","type-page","status-publish","hentry"],"aioseo_notices":[],"_links":{"self":[{"href":"https:\/\/www.klaipedatkc.lt\/ru\/wp-json\/wp\/v2\/pages\/7634","targetHints":{"allow":["GET"]}}],"collection":[{"href":"https:\/\/www.klaipedatkc.lt\/ru\/wp-json\/wp\/v2\/pages"}],"about":[{"href":"https:\/\/www.klaipedatkc.lt\/ru\/wp-json\/wp\/v2\/types\/page"}],"author":[{"embeddable":true,"href":"https:\/\/www.klaipedatkc.lt\/ru\/wp-json\/wp\/v2\/users\/99002"}],"replies":[{"embeddable":true,"href":"https:\/\/www.klaipedatkc.lt\/ru\/wp-json\/wp\/v2\/comments?post=7634"}],"version-history":[{"count":18,"href":"https:\/\/www.klaipedatkc.lt\/ru\/wp-json\/wp\/v2\/pages\/7634\/revisions"}],"predecessor-version":[{"id":15302,"href":"https:\/\/www.klaipedatkc.lt\/ru\/wp-json\/wp\/v2\/pages\/7634\/revisions\/15302"}],"wp:attachment":[{"href":"https:\/\/www.klaipedatkc.lt\/ru\/wp-json\/wp\/v2\/media?parent=7634"}],"curies":[{"name":"wp","href":"https:\/\/api.w.org\/{rel}","templated":true}]}}