{"id":2156,"date":"2020-05-01T13:17:22","date_gmt":"2020-05-01T10:17:22","guid":{"rendered":"https:\/\/www.klaipedatkc.lt\/nuorodos\/"},"modified":"2025-10-13T22:23:26","modified_gmt":"2025-10-13T19:23:26","slug":"ssylki","status":"publish","type":"page","link":"https:\/\/www.klaipedatkc.lt\/ru\/ssylki\/","title":{"rendered":"\u0421\u0441\u044b\u043b\u043a\u0438"},"content":{"rendered":"<div class=\"wpb-content-wrapper\">[vc_row full_width=&#187;stretch_row&#187; hide_bg_image_on_tablet=&#187;&#187; hide_bg_image_on_mobile=&#187;&#187; css=&#187;.vc_custom_1588751966986{background-image: url(https:\/\/www.klaipedatkc.lt\/wp-content\/uploads\/2020\/05\/background.png?id=2351) !important;background-position: top left !important;background-repeat: no-repeat !important;background-size: contain !important;}&#187;][vc_column hide_bg_image_on_tablet=&#187;&#187; hide_bg_image_on_mobile=&#187;&#187; icons_position=&#187;left&#187; css=&#187;.vc_custom_1517239592045{margin-top: -0.65rem !important;}&#187;][vc_empty_space alter_height=&#187;huge&#187; hide_on_desktop=&#187;&#187; hide_on_notebook=&#187;&#187; hide_on_tablet=&#187;&#187; hide_on_mobile=&#187;&#187;][vc_column_text css=&#187;&#187;]\r\n<ul>\r\n \t<li><a href=\"https:\/\/lrkm.lrv.lt\/lt\/veiklos-sritys\/tautines-mazumos-1\" target=\"_blank\" rel=\"noopener noreferrer\">\u041c\u0438\u043d\u0438\u0441\u0442\u0435\u0440\u0441\u0442\u0432\u043e \u043a\u0443\u043b\u044c\u0442\u0443\u0440\u044b \u041b\u0438\u0442\u043e\u0432\u0441\u043a\u043e\u0439 \u0420\u0435\u0441\u043f\u0443\u0431\u043b\u0438\u043a\u0438<\/a><\/li>\r\n \t<li><a href=\"http:\/\/tmde.lrv.lt\/\" target=\"_blank\" rel=\"noopener noreferrer\">\u0414\u0435\u043f\u0430\u0440\u0442\u0430\u043c\u0435\u043d\u0442 \u043d\u0430\u0446\u0438\u043e\u043d\u0430\u043b\u044c\u043d\u044b\u0445 \u043c\u0435\u043d\u044c\u0448\u0438\u043d\u0441\u0442\u0432 \u043f\u0440\u0438 \u043f\u0440\u0430\u0432\u0438\u0442\u0435\u043b\u044c\u0441\u0442\u0432\u0435 \u041b\u0438\u0442\u043e\u0432\u0441\u043a\u043e\u0439 \u0420\u0435\u0441\u043f\u0443\u0431\u043b\u0438\u043a\u0438<\/a><\/li>\r\n<\/ul>\r\n<strong>Vyriausiosios tarnybin\u0117s etikos komisijos (VTEK) interneto svetain\u0117s nuoroda bei kitos su \u0161ia \u012fstaiga susijusias aktualias nuorodos:<\/strong>\r\n<table>\r\n<tbody>\r\n<tr>\r\n<td width=\"328\">VTEK svetain\u0117s nuoroda<\/td>\r\n<td width=\"328\">https:\/\/vtek.lt\/<\/td>\r\n<\/tr>\r\n<tr>\r\n<td width=\"328\">VTEK konsultacij\u0173 bankas<\/td>\r\n<td width=\"328\">https:\/\/vtek.lt\/tinklarastis\/<\/td>\r\n<\/tr>\r\n<tr>\r\n<td width=\"328\">D\u0117l priva\u010di\u0173 interes\u0173 deklaracij\u0173 pildymo ir pateikimo<\/td>\r\n<td width=\"328\">https:\/\/vtek.lt\/privaciu-interesu-deklaravimas\/kaip-deklaruoti\/<\/td>\r\n<\/tr>\r\n<tr>\r\n<td width=\"328\">Naujienlai\u0161kio prenumerata<\/td>\r\n<td width=\"328\">https:\/\/vtek.lt\/naujienlaiskis\/<\/td>\r\n<\/tr>\r\n<tr>\r\n<td width=\"328\">Priva\u010di\u0173 interes\u0173 registras<\/td>\r\n<td width=\"328\">https:\/\/pinreg.vtek.lt\/app\/<\/td>\r\n<\/tr>\r\n<tr>\r\n<td width=\"328\">Skaidri\u0173 teis\u0117k\u016bros proces\u0173 informacin\u0117 sistema<\/td>\r\n<td width=\"328\">https:\/\/skaidris.vtek.lt\/public\/home\/main<\/td>\r\n<\/tr>\r\n<tr>\r\n<td width=\"328\">VTEK rekomendacijos ir gair\u0117s<\/td>\r\n<td width=\"328\">https:\/\/vtek.lt\/veiklos-sritys\/rekomendacijos-irgaires\/<\/td>\r\n<\/tr>\r\n<tr>\r\n<td width=\"328\">Interes\u0173 konfliktas ir nusi\u0161alinimas<\/td>\r\n<td width=\"328\">https:\/\/vtek.lt\/interesu-derinimas\/interesukonfliktas-ir-nusisalinimas\/<\/td>\r\n<\/tr>\r\n<\/tbody>\r\n<\/table>\r\n<strong>Nuotolini\u0173 mokym\u0173 program\u0173 internetin\u0117s nuorodos:<\/strong>\r\n<table>\r\n<tbody>\r\n<tr>\r\n<td width=\"328\">Interes\u0173 konflikto identifikavimas ir valdymas<\/td>\r\n<td width=\"328\">https:\/\/vtek.lt\/2024\/08\/20\/nuotoliniaimokymai-interesu-konflikto-identifikavimas-irvaldymas\/<\/td>\r\n<\/tr>\r\n<tr>\r\n<td width=\"328\">Lobistin\u0117 veikla<\/td>\r\n<td width=\"328\">https:\/\/vtek.lt\/2024\/05\/03\/nuotoliniaimokymai-lobistine-veikla\/<\/td>\r\n<\/tr>\r\n<tr>\r\n<td width=\"328\">Priva\u010di\u0173 interes\u0173 deklaravimas<\/td>\r\n<td width=\"328\">https:\/\/vtek.lt\/2024\/03\/05\/nuotoliniaimokymai-privaciu-interesu-deklaravimas\/<\/td>\r\n<\/tr>\r\n<tr>\r\n<td width=\"328\">Apribojimai pasibaigus tarnybai<\/td>\r\n<td width=\"328\">https:\/\/vtek.lt\/2024\/11\/27\/nuotoliniaimokymai-apribojimai-pasibaigus-tarnybai\/<\/td>\r\n<\/tr>\r\n<\/tbody>\r\n<\/table>\r\n[\/vc_column_text][vc_empty_space alter_height=&#187;huge&#187; hide_on_desktop=&#187;&#187; hide_on_notebook=&#187;&#187; hide_on_tablet=&#187;&#187; hide_on_mobile=&#187;&#187;][\/vc_column][\/vc_row]<!-- \/wp:post-content --><\/div>","protected":false},"excerpt":{"rendered":"<p>[vc_row full_width=&#187;stretch_row&#187; hide_bg_image_on_tablet=&#187;&#187; hide_bg_image_on_mobile=&#187;&#187; css=&#187;.vc_custom_1588751966986{background-image: url(https:\/\/www.klaipedatkc.lt\/wp-content\/uploads\/2020\/05\/background.png?id=2351) !important;background-position: top left !important;background-repeat: no-repeat !important;background-size: contain !important;}&#187;][vc_column&hellip;<\/p>\n","protected":false},"author":1,"featured_media":0,"parent":0,"menu_order":0,"comment_status":"closed","ping_status":"closed","template":"","meta":{"footnotes":""},"class_list":["post-2156","page","type-page","status-publish","hentry"],"aioseo_notices":[],"_links":{"self":[{"href":"https:\/\/www.klaipedatkc.lt\/ru\/wp-json\/wp\/v2\/pages\/2156","targetHints":{"allow":["GET"]}}],"collection":[{"href":"https:\/\/www.klaipedatkc.lt\/ru\/wp-json\/wp\/v2\/pages"}],"about":[{"href":"https:\/\/www.klaipedatkc.lt\/ru\/wp-json\/wp\/v2\/types\/page"}],"author":[{"embeddable":true,"href":"https:\/\/www.klaipedatkc.lt\/ru\/wp-json\/wp\/v2\/users\/1"}],"replies":[{"embeddable":true,"href":"https:\/\/www.klaipedatkc.lt\/ru\/wp-json\/wp\/v2\/comments?post=2156"}],"version-history":[{"count":3,"href":"https:\/\/www.klaipedatkc.lt\/ru\/wp-json\/wp\/v2\/pages\/2156\/revisions"}],"predecessor-version":[{"id":22229,"href":"https:\/\/www.klaipedatkc.lt\/ru\/wp-json\/wp\/v2\/pages\/2156\/revisions\/22229"}],"wp:attachment":[{"href":"https:\/\/www.klaipedatkc.lt\/ru\/wp-json\/wp\/v2\/media?parent=2156"}],"curies":[{"name":"wp","href":"https:\/\/api.w.org\/{rel}","templated":true}]}}