{"id":2130,"date":"2020-05-01T13:11:47","date_gmt":"2020-05-01T10:11:47","guid":{"rendered":"https:\/\/www.klaipedatkc.lt\/prevencija-korrupcii\/parasykite-mums\/"},"modified":"2020-05-06T10:50:45","modified_gmt":"2020-05-06T07:50:45","slug":"napishite-nam","status":"publish","type":"page","link":"https:\/\/www.klaipedatkc.lt\/ru\/prevencija-korrupcii\/napishite-nam\/","title":{"rendered":"\u041d\u0430\u043f\u0438\u0448\u0438\u0442\u0435 \u043d\u0430\u043c"},"content":{"rendered":"<div class=\"wpb-content-wrapper\"><p>[vc_row full_width=&#187;stretch_row&#187; hide_bg_image_on_tablet=&#187;&#187; hide_bg_image_on_mobile=&#187;&#187; css=&#187;.vc_custom_1588751435133{background-image: url(https:\/\/www.klaipedatkc.lt\/wp-content\/uploads\/2020\/05\/background.png?id=2351) !important;background-position: top left !important;background-repeat: no-repeat !important;background-size: contain !important;}&#187;][vc_column icons_position=&#187;left&#187;][vc_empty_space alter_height=&#187;huge&#187; hide_on_desktop=&#187;&#187; hide_on_notebook=&#187;&#187; hide_on_tablet=&#187;&#187; hide_on_mobile=&#187;&#187;]<div id=\"sc_title_1744090018\"\n\t\tclass=\"sc_title color_style_default sc_title_default\"><h3 class=\"sc_item_title sc_title_title sc_align_center sc_item_title_style_default\">Prane\u0161kite apie korupcij\u0105<\/h3><div class=\"sc_item_descr sc_title_descr sc_align_center\"><p>Klaip\u0117dos miesto savivaldyb\u0117s Tautini\u0173 kult\u016br\u0173 centro patalpose \u2013 K. Donelai\u010dio g. 6B, rasite d\u0117\u017eut\u0119 su u\u017era\u0161u \u201eA\u0161 prie\u0161 korupcij\u0105 Tautini\u0173 kult\u016br\u0173 centre\u201c, kuri skirta informacijai ir prane\u0161imams apie korupcij\u0105 Tautini\u0173 kult\u016br\u0173 centre.<\/p>\n<p>Jei turite fakt\u0173 ir pasteb\u0117jim\u0173, kad centro darbuotoj\u0173 veiksmuose galima \u012f\u017evelgti korupcijos po\u017eymi\u0173 arba u\u017e Jums suteikt\u0105 paslaug\u0105 buvo reikalaujama atlygio ar pan., pra\u0161ome ra\u0161yti prane\u0161imus ir palikti juos \u0161ioje d\u0117\u017eut\u0117je, nepamir\u0161tant nurodyti galimyb\u0117s susisiekti su Jumis. D\u0117\u017eut\u0117je rast\u0105 informacij\u0105 periodi\u0161kai tikrins ir svarstys u\u017e korupcij\u0105 Tautini\u0173 kult\u016br\u0173 centre atsakingi asmenys.<\/p>\n<p>Atsakingas u\u017e korupcijos prevencij\u0105 Klaip\u0117dos miesto savivaldyb\u0117s Tautini\u0173 kult\u016br\u0173 centre \u2013 Jelena Butkevi\u010dien\u0117, tel. (8 46) 21 02 83.<\/p>\n<p>Pareik\u0161kite savo nuomon\u0119 d\u0117l korupcijos prevencijos ir kontrol\u0117s vykdymo Tautini\u0173 kult\u016br\u0173 centre:<\/p>\n<\/div><\/div><!-- \/.sc_title -->[vc_empty_space alter_height=&#187;small&#187; hide_on_desktop=&#187;&#187; hide_on_notebook=&#187;&#187; hide_on_tablet=&#187;&#187; hide_on_mobile=&#187;&#187;][\/vc_column][\/vc_row][vc_row el_id=&#187;form&#187;][vc_column icons_position=&#187;left&#187; offset=&#187;vc_col-md-offset-1 vc_col-md-10&#8243;][vc_empty_space alter_height=&#187;small&#187; hide_on_desktop=&#187;&#187; hide_on_notebook=&#187;&#187; hide_on_tablet=&#187;1&#8243; hide_on_mobile=&#187;1&#8243;]\n<div class=\"wpcf7 no-js\" id=\"wpcf7-f851-o1\" lang=\"en-US\" dir=\"ltr\" data-wpcf7-id=\"851\">\n<div class=\"screen-reader-response\"><p role=\"status\" aria-live=\"polite\" aria-atomic=\"true\"><\/p> <ul><\/ul><\/div>\n<form action=\"\/ru\/wp-json\/wp\/v2\/pages\/2130#wpcf7-f851-o1\" method=\"post\" class=\"wpcf7-form init\" aria-label=\"Contact form\" novalidate=\"novalidate\" data-status=\"init\">\n<fieldset class=\"hidden-fields-container\"><input type=\"hidden\" name=\"_wpcf7\" value=\"851\" \/><input type=\"hidden\" name=\"_wpcf7_version\" value=\"6.1.5\" \/><input type=\"hidden\" name=\"_wpcf7_locale\" value=\"en_US\" \/><input type=\"hidden\" name=\"_wpcf7_unit_tag\" value=\"wpcf7-f851-o1\" \/><input type=\"hidden\" name=\"_wpcf7_container_post\" value=\"0\" \/><input type=\"hidden\" name=\"_wpcf7_posted_data_hash\" value=\"\" \/><input type=\"hidden\" name=\"_wpcf7_recaptcha_response\" value=\"\" \/>\n<\/fieldset>\n<div class=\"columns_wrap\">\n\t<div class=\"column-1_2\">\n\t\t<p><span class=\"wpcf7-form-control-wrap\" data-name=\"your-name\"><input size=\"40\" maxlength=\"400\" class=\"wpcf7-form-control wpcf7-text wpcf7-validates-as-required\" aria-required=\"true\" aria-invalid=\"false\" placeholder=\"J\u016bs\u0173 vardas\" value=\"\" type=\"text\" name=\"your-name\" \/><\/span>\n\t\t<\/p>\n\t<\/div>\n\t<div class=\"column-1_2\">\n\t\t<p><span class=\"wpcf7-form-control-wrap\" data-name=\"your-email\"><input size=\"40\" maxlength=\"400\" class=\"wpcf7-form-control wpcf7-email wpcf7-validates-as-required wpcf7-text wpcf7-validates-as-email\" aria-required=\"true\" aria-invalid=\"false\" placeholder=\"El. pa\u0161to adresas\" value=\"\" type=\"email\" name=\"your-email\" \/><\/span>\n\t\t<\/p>\n\t<\/div>\n<\/div>\n<div class=\"columns_wrap\">\n\t<div class=\"column-1_1\">\n\t\t<p><span class=\"wpcf7-form-control-wrap\" data-name=\"textarea-message\"><textarea cols=\"40\" rows=\"3\" maxlength=\"2000\" class=\"wpcf7-form-control wpcf7-textarea wpcf7-validates-as-required\" aria-required=\"true\" aria-invalid=\"false\" placeholder=\"\u017dinut\u0117\" name=\"textarea-message\"><\/textarea><\/span>\n\t\t<\/p>\n\t<\/div>\n<\/div>\n<div class=\"columns_wrap sc_align_center\">\n\t<p><span class=\"wpcf7-form-control-wrap\" data-name=\"acceptance-157\"><span class=\"wpcf7-form-control wpcf7-acceptance\"><span class=\"wpcf7-list-item\"><label><input type=\"checkbox\" name=\"acceptance-157\" value=\"1\" aria-invalid=\"false\" \/><span class=\"wpcf7-list-item-label\">Sutinku su privatumo politika<\/span><\/label><\/span><\/span><\/span>\n\t<\/p>\n<\/div>\n<div class=\"columns_wrap sc_align_center\">\n\t<div class=\"column-1_1\">\n\t\t<p><input class=\"wpcf7-form-control wpcf7-submit has-spinner\" type=\"submit\" value=\"Si\u0173sti\" \/>\n\t\t<\/p>\n\t<\/div>\n<\/div><div class=\"wpcf7-response-output\" aria-hidden=\"true\"><\/div>\n<\/form>\n<\/div>\n[vc_empty_space alter_height=&#187;huge&#187; hide_on_desktop=&#187;&#187; hide_on_notebook=&#187;&#187; hide_on_tablet=&#187;&#187; hide_on_mobile=&#187;&#187;][\/vc_column][\/vc_row]<\/p>\n<\/div>","protected":false},"excerpt":{"rendered":"<p>[vc_row full_width=&#187;stretch_row&#187; hide_bg_image_on_tablet=&#187;&#187; hide_bg_image_on_mobile=&#187;&#187; css=&#187;.vc_custom_1588751435133{background-image: url(https:\/\/www.klaipedatkc.lt\/wp-content\/uploads\/2020\/05\/background.png?id=2351) !important;background-position: top left !important;background-repeat: no-repeat !important;background-size: contain !important;}&#187;][vc_column&hellip;<\/p>\n","protected":false},"author":1,"featured_media":0,"parent":2128,"menu_order":0,"comment_status":"closed","ping_status":"closed","template":"","meta":{"footnotes":""},"class_list":["post-2130","page","type-page","status-publish","hentry"],"aioseo_notices":[],"_links":{"self":[{"href":"https:\/\/www.klaipedatkc.lt\/ru\/wp-json\/wp\/v2\/pages\/2130","targetHints":{"allow":["GET"]}}],"collection":[{"href":"https:\/\/www.klaipedatkc.lt\/ru\/wp-json\/wp\/v2\/pages"}],"about":[{"href":"https:\/\/www.klaipedatkc.lt\/ru\/wp-json\/wp\/v2\/types\/page"}],"author":[{"embeddable":true,"href":"https:\/\/www.klaipedatkc.lt\/ru\/wp-json\/wp\/v2\/users\/1"}],"replies":[{"embeddable":true,"href":"https:\/\/www.klaipedatkc.lt\/ru\/wp-json\/wp\/v2\/comments?post=2130"}],"version-history":[{"count":2,"href":"https:\/\/www.klaipedatkc.lt\/ru\/wp-json\/wp\/v2\/pages\/2130\/revisions"}],"predecessor-version":[{"id":2484,"href":"https:\/\/www.klaipedatkc.lt\/ru\/wp-json\/wp\/v2\/pages\/2130\/revisions\/2484"}],"up":[{"embeddable":true,"href":"https:\/\/www.klaipedatkc.lt\/ru\/wp-json\/wp\/v2\/pages\/2128"}],"wp:attachment":[{"href":"https:\/\/www.klaipedatkc.lt\/ru\/wp-json\/wp\/v2\/media?parent=2130"}],"curies":[{"name":"wp","href":"https:\/\/api.w.org\/{rel}","templated":true}]}}