{"id":2105,"date":"2020-05-01T15:37:55","date_gmt":"2020-05-01T12:37:55","guid":{"rendered":"https:\/\/www.klaipedatkc.lt\/struktura-i-kontakty\/posedziai-ir-susitikimai\/"},"modified":"2020-05-06T10:43:21","modified_gmt":"2020-05-06T07:43:21","slug":"zasedanija-i-vstrechi","status":"publish","type":"page","link":"https:\/\/www.klaipedatkc.lt\/ru\/struktura-i-kontakty\/zasedanija-i-vstrechi\/","title":{"rendered":"\u0417\u0430\u0441\u0435\u0434\u0430\u043d\u0438\u044f \u0438 \u0432\u0441\u0442\u0440\u0435\u0447\u0438"},"content":{"rendered":"<div class=\"wpb-content-wrapper\"><p>[vc_row full_width=&#187;stretch_row&#187; hide_bg_image_on_tablet=&#187;&#187; hide_bg_image_on_mobile=&#187;&#187; css=&#187;.vc_custom_1588750970619{background-image: url(https:\/\/www.klaipedatkc.lt\/wp-content\/uploads\/2020\/05\/background.png?id=2351) !important;background-position: top left !important;background-repeat: no-repeat !important;background-size: contain !important;}&#187;][vc_column hide_bg_image_on_tablet=&#187;&#187; hide_bg_image_on_mobile=&#187;&#187; icons_position=&#187;left&#187; css=&#187;.vc_custom_1517239592045{margin-top: -0.65rem !important;}&#187;][vc_empty_space alter_height=&#187;huge&#187; hide_on_desktop=&#187;&#187; hide_on_notebook=&#187;&#187; hide_on_tablet=&#187;&#187; hide_on_mobile=&#187;&#187;][vc_column_text]<\/p>\n<div class=\"page_content_wrap\">\n<div class=\"content_wrap\">\n<div class=\"content\">\n<article id=\"post-1974\" class=\"post_item_single post_type_page post-1974 page type-page status-publish hentry\">\n<div class=\"post_content entry-content\">\n<div class=\"vc_row wpb_row vc_row-fluid\">\n<div class=\"wpb_column vc_column_container vc_col-sm-12 sc_layouts_column_icons_position_left\">\n<div class=\"vc_column-inner vc_custom_1517239592045\">\n<div class=\"wpb_wrapper\">\n<div class=\"wpb_text_column wpb_content_element \">\n<div class=\"wpb_wrapper\">\n<p>Vadovo, jo pavaduotojo (-\u0173) \u012estaigoje planuojami pos\u0117d\u017eiai ir pasitarimai, kuriuose be \u012estaigos darbuotoj\u0173 dalyvauja ir kiti priva\u010di\u0173 interes\u0173 turintys asmenys, bei \u0161i\u0173 susitikim\u0173 tikslas, laikas ir dalyvaujantys asmenys<\/p>\n<\/div>\n<p>&nbsp;<\/p>\n<\/div>\n<\/div>\n<\/div>\n<\/div>\n<\/div>\n<\/div>\n<\/article>\n<\/div>\n<\/div>\n<\/div>\n<p>[\/vc_column_text][vc_empty_space alter_height=&#187;huge&#187; hide_on_desktop=&#187;&#187; hide_on_notebook=&#187;&#187; hide_on_tablet=&#187;&#187; hide_on_mobile=&#187;&#187;][\/vc_column][\/vc_row]<\/p>\n<\/div>","protected":false},"excerpt":{"rendered":"<p>[vc_row full_width=&#187;stretch_row&#187; hide_bg_image_on_tablet=&#187;&#187; hide_bg_image_on_mobile=&#187;&#187; css=&#187;.vc_custom_1588750970619{background-image: url(https:\/\/www.klaipedatkc.lt\/wp-content\/uploads\/2020\/05\/background.png?id=2351) !important;background-position: top left !important;background-repeat: no-repeat !important;background-size: contain !important;}&#187;][vc_column&hellip;<\/p>\n","protected":false},"author":1,"featured_media":0,"parent":2094,"menu_order":0,"comment_status":"closed","ping_status":"closed","template":"","meta":{"footnotes":""},"class_list":["post-2105","page","type-page","status-publish","hentry"],"aioseo_notices":[],"_links":{"self":[{"href":"https:\/\/www.klaipedatkc.lt\/ru\/wp-json\/wp\/v2\/pages\/2105","targetHints":{"allow":["GET"]}}],"collection":[{"href":"https:\/\/www.klaipedatkc.lt\/ru\/wp-json\/wp\/v2\/pages"}],"about":[{"href":"https:\/\/www.klaipedatkc.lt\/ru\/wp-json\/wp\/v2\/types\/page"}],"author":[{"embeddable":true,"href":"https:\/\/www.klaipedatkc.lt\/ru\/wp-json\/wp\/v2\/users\/1"}],"replies":[{"embeddable":true,"href":"https:\/\/www.klaipedatkc.lt\/ru\/wp-json\/wp\/v2\/comments?post=2105"}],"version-history":[{"count":4,"href":"https:\/\/www.klaipedatkc.lt\/ru\/wp-json\/wp\/v2\/pages\/2105\/revisions"}],"predecessor-version":[{"id":2474,"href":"https:\/\/www.klaipedatkc.lt\/ru\/wp-json\/wp\/v2\/pages\/2105\/revisions\/2474"}],"up":[{"embeddable":true,"href":"https:\/\/www.klaipedatkc.lt\/ru\/wp-json\/wp\/v2\/pages\/2094"}],"wp:attachment":[{"href":"https:\/\/www.klaipedatkc.lt\/ru\/wp-json\/wp\/v2\/media?parent=2105"}],"curies":[{"name":"wp","href":"https:\/\/api.w.org\/{rel}","templated":true}]}}