{"id":12330,"date":"2023-01-31T11:23:21","date_gmt":"2023-01-31T09:23:21","guid":{"rendered":"https:\/\/www.klaipedatkc.lt\/projektai\/projektas-pazinkime-ir-susipazinkime\/"},"modified":"2023-01-31T12:11:05","modified_gmt":"2023-01-31T10:11:05","slug":"projektas-pazinkime-ir-susipazinkime","status":"publish","type":"page","link":"https:\/\/www.klaipedatkc.lt\/ru\/projektai\/projektas-pazinkime-ir-susipazinkime\/","title":{"rendered":"Projektas \u201ePa\u017einkime ir susipa\u017einkime\u201c"},"content":{"rendered":"<p>Dar kovo m\u0117nes\u012f, Tautini\u0173 kult\u016br\u0173 centre buvo \u012fgyvendinama pirmoji pagalbos ukrainie\u010diams iniciatyva, kuomet tautini\u0173 bendruomeni\u0173 savanoriai, centro darbuotojai pri\u017ei\u016br\u0117jo \u012f dar\u017eelius nepatekusi\u0173, k\u0105 tik \u012f Klaip\u0117d\u0105 atvykusi\u0173 ukrainie\u010di\u0173 vaikus. Tuomet ir i\u0161girsta apie tai, kad \u0161ioms \u0161eimoms, j\u0173 vaikams tr\u016bksta bendravimo, pabendravimo gimt\u0105ja kalba.<\/p>\n<p>\u201e \u017dinoma, kad prad\u0117jome galvoti kuo galime jiems pad\u0117ti, kaip prisid\u0117ti. Taip ir gim\u0117 edukacini\u0173 rengini\u0173 id\u0117ja ukrainie\u010di\u0173 pab\u0117g\u0117li\u0173 \u0161eimoms \u201ePa\u017einkime ir susipa\u017einkime\u201c, \u2013 pasakojo Klaip\u0117dos miesto savivaldyb\u0117s Tautini\u0173 kult\u016br\u0173 centro (TKC) direktor\u0117 Jelena Butkevi\u010dien\u0117.<\/p>\n<p>Penkias dienas trukusio projekto metu, dalyviai tur\u0117jo galimyb\u0119 ne tik pabendrauti ukrainieti\u0161kai, pasimokyti ukrainieti\u0161k\u0173 tradicij\u0173, bet ir susipa\u017einti su lietuvi\u0161komis tradicijomis, labiau pa\u017einti Lietuv\u0105 ir pasimokyti lietuvi\u0161kai.<\/p>\n<p style=\"text-align: center;\">Straipsniai spaudoje:<\/p>\n<p><a href=\"https:\/\/obzor.lt\/news\/n82823.html\" target=\"_blank\" rel=\"noopener\">\u0417\u043d\u0430\u043a\u043e\u043c\u0441\u0442\u0432\u043e \u0441 \u041b\u0438\u0442\u0432\u043e\u0439 \u043f\u0440\u043e\u0434\u043e\u043b\u0436\u0430\u0435\u0442\u0441\u044f<\/a><\/p>\n<p><a href=\"https:\/\/obzor.lt\/news\/n82047.html\" target=\"_blank\" rel=\"noopener\">\u041f\u0440\u0438\u044f\u0442\u043d\u0430\u044f \u043f\u043e\u0435\u0437\u0434\u043a\u0430 \u0432 \u0428\u044f\u0443\u043b\u044f\u0439<\/a><\/p>\n<p style=\"text-align: center;\">Susij\u0117 straipsniai:<\/p>\n<p><a href=\"https:\/\/www.klaipedatkc.lt\/ru\/novosti\/rusnicok-ansamblieciai-isisuko-i-folkloro-svente\/\" target=\"_blank\" rel=\"noopener\">\u201eRu\u0161ni\u010dok\u201d ansamblie\u010diai \u012fsisuko \u012f folkloro \u0161vent\u0119<\/a><\/p>\n<p><a href=\"https:\/\/www.klaipedatkc.lt\/naujienos\/ukrainietiskai-lietuviski-mainai-dainuojam\/\" target=\"_blank\" rel=\"noopener\">Ukrainieti\u0161kai lietuvi\u0161ki mainai \u2013 dainuojam<\/a><\/p>\n<p><a href=\"https:\/\/www.klaipedatkc.lt\/ru\/novosti\/priglashaem-detej-na-zanjatija-s-psiholgom\/\" target=\"_blank\" rel=\"noopener\">Kvie\u010diame vaikus dalyvauti susitikimuose su psichologu.<\/a><\/p>\n<p><a href=\"https:\/\/www.klaipedatkc.lt\/ru\/novosti\/tesiame-edukacijas\/\" target=\"_blank\" rel=\"noopener\">T\u0119siame edukacijas<\/a><\/p>\n<p><a href=\"https:\/\/www.klaipedatkc.lt\/ru\/novosti\/programma-dlja-ukraincev-priglashaem-na-prakticheskij-kurs-psihojemocionalnoj-podderzhki-jenergija-zhizni\/\" target=\"_blank\" rel=\"noopener\">Programa ukrainie\u010diams. Kvie\u010diame \u012f Praktin\u012f psichoemocin\u0117s paramos kurs\u0105 \u201eGyvenimo energija\u201c<\/a><\/p>\n<p><a href=\"https:\/\/www.klaipedatkc.lt\/ru\/novosti\/dziugino-edukacijos-ukrainieciu-seimoms\/\" target=\"_blank\" rel=\"noopener\">D\u017eiugino edukacijos ukrainie\u010di\u0173 \u0161eimoms<\/a><\/p>\n<p><a href=\"https:\/\/www.klaipedatkc.lt\/ru\/novosti\/programa-ukrainieciams\/\" target=\"_blank\" rel=\"noopener\">Programa ukrainie\u010diams<\/a><\/p>\n<p><a href=\"https:\/\/www.klaipedatkc.lt\/ru\/novosti\/pazinkime-ir-susipazinkime-teigiamu-emociju-doze-ukrainieciams\/\" target=\"_blank\" rel=\"noopener\">\u201ePa\u017einkime ir susipa\u017einkime\u201c \u2013 teigiam\u0173 emocij\u0173 doz\u0117 ukrainie\u010diams<\/a><\/p>\n<p><a href=\"https:\/\/www.klaipedatkc.lt\/ru\/novosti\/kazhdomu-po-angelu\/\" target=\"_blank\" rel=\"noopener\">Kiekvienam po angel\u0105<\/a><\/p>\n<p><a href=\"https:\/\/www.klaipedatkc.lt\/naujienos\/page\/4\" target=\"_blank\" rel=\"noopener\">Kvie\u010diame \u012f edukacin\u012f u\u017esi\u0117mim\u0105 i\u0161 Ukrainos atvykusiems vaikams<\/a><\/p>\n<p><a href=\"https:\/\/www.klaipedatkc.lt\/ru\/novosti\/ukraincy-poznakomilis-so-stolicej-zhjamajtii\/\" target=\"_blank\" rel=\"noopener\">Ukrainie\u010diai susipa\u017eino su \u017demaitijos sostine<\/a><\/p>\n<p><a href=\"https:\/\/www.klaipedatkc.lt\/ru\/novosti\/pleli-ukrainskuju-pashalnuju-korzinku\/\" target=\"_blank\" rel=\"noopener\">Pyn\u0117m ukrainieti\u0161k\u0105, velykin\u012f krep\u0161el\u012f<\/a><\/p>\n<p><a href=\"https:\/\/www.klaipedatkc.lt\/ru\/novosti\/pomoshh-semjam-pribyvshim-iz-ukrainy-usluga-prismotra-za-detmi\/\" target=\"_blank\" rel=\"noopener\">PAGALBA UKRAINIE\u010cI\u0172 \u0160EIMOMS \u2013 VAIK\u0172 PRIE\u017dI\u016aRA<\/a><\/p>\n<p><a href=\"https:\/\/www.klaipedatkc.lt\/ru\/novosti\/meroprijatija-cnk-dlja-voennyh-bezhencev-iz-ukrainy\/\" target=\"_blank\" rel=\"noopener\">TKC renginiai atvykusiems \u012f Klaip\u0117d\u0105 karo pab\u0117g\u0117liams i\u0161 Ukrainos<\/a><\/p>\n<p><a href=\"https:\/\/www.klaipedatkc.lt\/ru\/novosti\/informacija-dlja-grazhdan-ukrainy\/\" target=\"_blank\" rel=\"noopener\">INFORMACIJA UKRAINOS PILIE\u010cIAMS<\/a><\/p>\n<p><a href=\"https:\/\/www.klaipedatkc.lt\/ru\/novosti\/slava-ukraine-zvuchalo-okolo-pamjatnika-arka\/\" target=\"_blank\" rel=\"noopener\">\u201eSlava Ukraini!\u201c \u2013 skamb\u0117jo prie Arkos paminklo<\/a><\/p>\n<p><a href=\"https:\/\/www.klaipedatkc.lt\/ru\/novosti\/klajpedskie-nacionalnye-obshhiny-za-ukrainu\/\" target=\"_blank\" rel=\"noopener\">Klaip\u0117dos tautin\u0117s bendruomen\u0117s u\u017e Ukrain\u0105!<\/a><\/p>\n<p><a href=\"https:\/\/www.klaipedatkc.lt\/ru\/novosti\/vyrazim-podderzhku-zhiteljam-ukrainy\/\" target=\"_blank\" rel=\"noopener\">I\u0161reik\u0161kime palaikym\u0105 Ukrainos gyventojams!<\/a><\/p>\n<p><a href=\"https:\/\/www.klaipedatkc.lt\/ru\/novosti\/solidarizuojames-su-visais-palaikanciais-ukraina\/\" target=\"_blank\" rel=\"noopener\">Solidarizuojam\u0117s su visais palaikan\u010diais Ukrain\u0105<\/a><\/p>\n","protected":false},"excerpt":{"rendered":"<p>Dar kovo m\u0117nes\u012f, Tautini\u0173 kult\u016br\u0173 centre buvo \u012fgyvendinama pirmoji pagalbos ukrainie\u010diams iniciatyva, kuomet tautini\u0173&hellip;<\/p>\n","protected":false},"author":99002,"featured_media":0,"parent":7634,"menu_order":0,"comment_status":"closed","ping_status":"closed","template":"","meta":{"footnotes":""},"class_list":["post-12330","page","type-page","status-publish","hentry"],"aioseo_notices":[],"_links":{"self":[{"href":"https:\/\/www.klaipedatkc.lt\/ru\/wp-json\/wp\/v2\/pages\/12330","targetHints":{"allow":["GET"]}}],"collection":[{"href":"https:\/\/www.klaipedatkc.lt\/ru\/wp-json\/wp\/v2\/pages"}],"about":[{"href":"https:\/\/www.klaipedatkc.lt\/ru\/wp-json\/wp\/v2\/types\/page"}],"author":[{"embeddable":true,"href":"https:\/\/www.klaipedatkc.lt\/ru\/wp-json\/wp\/v2\/users\/99002"}],"replies":[{"embeddable":true,"href":"https:\/\/www.klaipedatkc.lt\/ru\/wp-json\/wp\/v2\/comments?post=12330"}],"version-history":[{"count":4,"href":"https:\/\/www.klaipedatkc.lt\/ru\/wp-json\/wp\/v2\/pages\/12330\/revisions"}],"predecessor-version":[{"id":12343,"href":"https:\/\/www.klaipedatkc.lt\/ru\/wp-json\/wp\/v2\/pages\/12330\/revisions\/12343"}],"up":[{"embeddable":true,"href":"https:\/\/www.klaipedatkc.lt\/ru\/wp-json\/wp\/v2\/pages\/7634"}],"wp:attachment":[{"href":"https:\/\/www.klaipedatkc.lt\/ru\/wp-json\/wp\/v2\/media?parent=12330"}],"curies":[{"name":"wp","href":"https:\/\/api.w.org\/{rel}","templated":true}]}}